{"id":10,"date":"2013-10-08T21:13:48","date_gmt":"2013-10-08T19:13:48","guid":{"rendered":"http:\/\/www.felixlemcke.de\/?page_id=10"},"modified":"2025-06-18T16:02:40","modified_gmt":"2025-06-18T14:02:40","slug":"kontakt","status":"publish","type":"page","link":"http:\/\/www.felixlemcke.de\/?page_id=10","title":{"rendered":"Contact"},"content":{"rendered":"\n<p><strong>Felix Lemcke<\/strong><br>Wagnerplatz 13<br>40670 Meerbusch<br>+49 (0) 157 37 634 112<br><a href=\"mailto:felix_lemcke@yahoo.de\"><strong>felix_lemcke@yahoo.de<\/strong><\/a><\/p>\n\n\n\n<p><strong><a href=\"https:\/\/www.linkedin.com\/in\/felixlemcke\/\">LinkedIn<\/a><br><a href=\"https:\/\/www.xing.com\/profile\/Felix_Lemcke\/portfolio?sc_o=mxb_p\">XING<\/a><\/strong><br><a href=\"https:\/\/www.instagram.com\/felix_lemcke\/\"><strong>Instagram<\/strong><\/a><\/p>\n\n\n\n<figure class=\"wp-block-image size-large is-resized\"><a href=\"http:\/\/www.felixlemcke.de\/wp-content\/uploads\/2025\/05\/LinkedIN_Titelbild.001.jpeg\"><img loading=\"lazy\" src=\"http:\/\/www.felixlemcke.de\/wp-content\/uploads\/2025\/05\/LinkedIN_Titelbild.001-1024x576.jpeg\" alt=\"\" class=\"wp-image-1302\" width=\"725\" height=\"407\" srcset=\"http:\/\/www.felixlemcke.de\/wp-content\/uploads\/2025\/05\/LinkedIN_Titelbild.001-1024x576.jpeg 1024w, http:\/\/www.felixlemcke.de\/wp-content\/uploads\/2025\/05\/LinkedIN_Titelbild.001-300x169.jpeg 300w, http:\/\/www.felixlemcke.de\/wp-content\/uploads\/2025\/05\/LinkedIN_Titelbild.001-768x432.jpeg 768w, http:\/\/www.felixlemcke.de\/wp-content\/uploads\/2025\/05\/LinkedIN_Titelbild.001-1536x864.jpeg 1536w, http:\/\/www.felixlemcke.de\/wp-content\/uploads\/2025\/05\/LinkedIN_Titelbild.001-500x281.jpeg 500w, http:\/\/www.felixlemcke.de\/wp-content\/uploads\/2025\/05\/LinkedIN_Titelbild.001.jpeg 1920w\" sizes=\"(max-width: 725px) 100vw, 725px\" \/><\/a><\/figure>\n\n\n\n<p>Impressum \/ Datenschutzerkl\u00e4rung<\/p>\n\n\n\n<p><strong>IMPRESSUM<\/strong><\/p>\n\n\n\n<p>Angaben gem\u00e4\u00df \u00a7 5 TMG:<br>Felix Lemcke, Wagnerplatz 13, 40670 Meerbusch<\/p>\n\n\n\n<p>Kontakt:<br>felix_lemcke@yahoo.de<\/p>\n\n\n\n<p>Streitschlichtung<\/p>\n\n\n\n<p>Wir sind nicht bereit oder verpflichtet, an Streitbeilegungsverfahren vor einer Verbraucherschlichtungsstelle teilzunehmen.<\/p>\n\n\n\n<p>Haftung f\u00fcr Inhalte<\/p>\n\n\n\n<p>Als Diensteanbieter sind wir gem\u00e4\u00df \u00a7 7 Abs.1 TMG f\u00fcr eigene Inhalte auf diesen Seiten nach den allgemeinen Gesetzen verantwortlich. Nach \u00a7\u00a7 8 bis 10 TMG sind wir als Diensteanbieter jedoch nicht verpflichtet, \u00fcbermittelte oder gespeicherte fremde Informationen zu \u00fcberwachen oder nach Umst\u00e4nden zu forschen, die auf eine rechtswidrige T\u00e4tigkeit hinweisen.&nbsp;<\/p>\n\n\n\n<p>Verpflichtungen zur Entfernung oder Sperrung der Nutzung von Informationen nach den allgemeinen Gesetzen bleiben hiervon unber\u00fchrt. Eine diesbez\u00fcgliche Haftung ist jedoch erst ab dem Zeitpunkt der Kenntnis einer konkreten Rechtsverletzung m\u00f6glich. Bei Bekanntwerden von entsprechenden Rechtsverletzungen werden wir diese Inhalte umgehend entfernen.<\/p>\n\n\n\n<p>Haftung f\u00fcr Links<\/p>\n\n\n\n<p>Unser Angebot enth\u00e4lt Links zu externen Websites Dritter, auf deren Inhalte wir keinen Einfluss haben. Deshalb k\u00f6nnen wir f\u00fcr diese fremden Inhalte auch keine Gew\u00e4hr \u00fcbernehmen. F\u00fcr die Inhalte der verlinkten Seiten ist stets der jeweilige Anbieter oder Betreiber der Seiten verantwortlich. Die verlinkten Seiten wurden zum Zeitpunkt der Verlinkung auf m\u00f6gliche Rechtsverst\u00f6\u00dfe \u00fcberpr\u00fcft. Rechtswidrige Inhalte waren zum Zeitpunkt der Verlinkung nicht erkennbar.<\/p>\n\n\n\n<p>Eine permanente inhaltliche Kontrolle der verlinkten Seiten ist jedoch ohne konkrete Anhaltspunkte einer Rechtsverletzung nicht zumutbar. Bei Bekanntwerden von Rechtsverletzungen werden wir derartige Links umgehend entfernen.<\/p>\n\n\n\n<p>Urheberrecht<\/p>\n\n\n\n<p>Die durch die Seitenbetreiber erstellten Inhalte und Werke auf diesen Seiten unterliegen dem deutschen Urheberrecht. Die Vervielf\u00e4ltigung, Bearbeitung, Verbreitung und jede Art der Verwertung au\u00dferhalb der Grenzen des Urheberrechtes bed\u00fcrfen der schriftlichen Zustimmung des jeweiligen Autors bzw. Erstellers. Downloads und Kopien dieser Seite sind nur f\u00fcr den privaten, nicht kommerziellen Gebrauch gestattet.<\/p>\n\n\n\n<p>Soweit die Inhalte auf dieser Seite nicht vom Betreiber erstellt wurden, werden die Urheberrechte Dritter beachtet. Insbesondere werden Inhalte Dritter als solche gekennzeichnet. Sollten Sie trotzdem auf eine Urheberrechtsverletzung aufmerksam werden, bitten wir um einen entsprechenden Hinweis. Bei Bekanntwerden von Rechtsverletzungen werden wir derartige Inhalte umgehend entfernen.<\/p>\n\n\n\n<p>Quelle: https:\/\/www.e-recht24.de<\/p>\n\n\n\n<p><\/p>\n\n\n\n<p><strong>DATENSCHUTZ<\/strong><\/p>\n\n\n\n<p>Datenschutzerkl\u00e4rung<\/p>\n\n\n\n<p>Die Betreiber dieser Seiten nehmen den Schutz Ihrer pers\u00f6nlichen Daten sehr ernst. Wir behandeln Ihre personenbezogenen Daten vertraulich und entsprechend der gesetzlichen Datenschutzvorschriften sowie dieser Datenschutzerkl\u00e4rung.<\/p>\n\n\n\n<p>Die Nutzung unserer Website ist in der Regel ohne Angabe personenbezogener Daten m\u00f6glich. Soweit auf unseren Seiten personenbezogene Daten (beispielsweise Name, Anschrift oder E-Mail-Adressen) erhoben werden, erfolgt dies, soweit m\u00f6glich, stets auf freiwilliger Basis. Diese Daten werden ohne Ihre ausdr\u00fcckliche Zustimmung nicht an Dritte weitergegeben.<\/p>\n\n\n\n<p>Wir weisen darauf hin, dass die Daten\u00fcbertragung im Internet (z.B. bei der Kommunikation per E-Mail) Sicherheitsl\u00fccken aufweisen kann. Ein l\u00fcckenloser Schutz der Daten vor dem Zugriff durch Dritte ist nicht m\u00f6glich.<\/p>\n\n\n\n<p>Verwendung von Webfonts<\/p>\n\n\n\n<p>Auf diesen Internetseiten werden externe Schriften, Google Fonts verwendet. Google Fonts ist ein Dienst der Google Inc. (\u201eGoogle\u201c). Die Einbindung dieser Web Fonts erfolgt durch einen Serveraufruf, in der Regel ein Server von Google in den USA. Hierdurch wird&nbsp;an den Server \u00fcbermittelt, welche unserer Internetseiten Sie besucht haben. Auch wird die IP-Adresse des Browsers des Endger\u00e4tes des&nbsp;Besuchers dieser Internetseiten von Google gespeichert. N\u00e4here Informationen finden Sie in den Datenschutzhinweisen von Google,&nbsp;die Sie hier abrufen k\u00f6nnen:&nbsp;www.google.com\/fonts#AboutPlace:about&nbsp;|&nbsp;www.google.com\/policies\/privacy\/<\/p>\n\n\n\n<p>SSL-Verschl\u00fcsselung<\/p>\n\n\n\n<p>Diese Seite nutzt aus Gr\u00fcnden der Sicherheit und zum Schutz der \u00dcbertragung vertraulicher Inhalte, wie zum Beispiel der Anfragen, die Sie an uns als Seitenbetreiber senden, eine SSL-Verschl\u00fcsselung. Eine verschl\u00fcsselte Verbindung erkennen Sie daran, dass die Adresszeile des Browsers von &#8222;http:\/\/&#8220; auf &#8222;https:\/\/&#8220; wechselt und an dem Schloss-Symbol in Ihrer Browserzeile.&nbsp;<\/p>\n\n\n\n<p>Quelle: https:\/\/www.e-recht24.de&nbsp;<\/p>\n","protected":false},"excerpt":{"rendered":"<p>Felix LemckeWagnerplatz 1340670 Meerbusch+49 (0) 157 37 634 112felix_lemcke@yahoo.de LinkedInXINGInstagram Impressum \/ Datenschutzerkl\u00e4rung IMPRESSUM Angaben gem\u00e4\u00df [&hellip;]<\/p>\n","protected":false},"author":1,"featured_media":0,"parent":0,"menu_order":0,"comment_status":"closed","ping_status":"closed","template":"template-contact.php","meta":[],"_links":{"self":[{"href":"http:\/\/www.felixlemcke.de\/index.php?rest_route=\/wp\/v2\/pages\/10"}],"collection":[{"href":"http:\/\/www.felixlemcke.de\/index.php?rest_route=\/wp\/v2\/pages"}],"about":[{"href":"http:\/\/www.felixlemcke.de\/index.php?rest_route=\/wp\/v2\/types\/page"}],"author":[{"embeddable":true,"href":"http:\/\/www.felixlemcke.de\/index.php?rest_route=\/wp\/v2\/users\/1"}],"replies":[{"embeddable":true,"href":"http:\/\/www.felixlemcke.de\/index.php?rest_route=%2Fwp%2Fv2%2Fcomments&post=10"}],"version-history":[{"count":61,"href":"http:\/\/www.felixlemcke.de\/index.php?rest_route=\/wp\/v2\/pages\/10\/revisions"}],"predecessor-version":[{"id":1333,"href":"http:\/\/www.felixlemcke.de\/index.php?rest_route=\/wp\/v2\/pages\/10\/revisions\/1333"}],"wp:attachment":[{"href":"http:\/\/www.felixlemcke.de\/index.php?rest_route=%2Fwp%2Fv2%2Fmedia&parent=10"}],"curies":[{"name":"wp","href":"https:\/\/api.w.org\/{rel}","templated":true}]}}